{"id":30781,"date":"2016-11-29T07:43:39","date_gmt":"2016-11-29T06:43:39","guid":{"rendered":"https:\/\/breadstore-hohenbusch.be\/?post_type=product&#038;p=30781"},"modified":"2026-03-24T12:44:39","modified_gmt":"2026-03-24T11:44:39","slug":"brotpaket-2personen","status":"publish","type":"product","link":"https:\/\/breadstore-hohenbusch.be\/de\/produkt\/brotpaket-2personen\/","title":{"rendered":"Brotpaket f\u00fcr 2 Personen"},"content":{"rendered":"<p>Die Inhalte der Brotpakete sind fest und k\u00f6nnen nicht ge\u00e4ndert werden.<\/p>\n","protected":false},"excerpt":{"rendered":"<p>4 wei\u00dfe Br\u00f6tchen, 2 Croissants<\/p>\n","protected":false},"featured_media":30845,"template":"","meta":[],"product_cat":[215],"product_tag":[],"class_list":{"0":"post-30781","1":"product","2":"type-product","3":"status-publish","4":"has-post-thumbnail","6":"product_cat-brotshop","8":"first","9":"instock","10":"shipping-taxable","11":"purchasable","12":"product-type-simple"},"_links":{"self":[{"href":"https:\/\/breadstore-hohenbusch.be\/de\/wp-json\/wp\/v2\/product\/30781","targetHints":{"allow":["GET"]}}],"collection":[{"href":"https:\/\/breadstore-hohenbusch.be\/de\/wp-json\/wp\/v2\/product"}],"about":[{"href":"https:\/\/breadstore-hohenbusch.be\/de\/wp-json\/wp\/v2\/types\/product"}],"wp:featuredmedia":[{"embeddable":true,"href":"https:\/\/breadstore-hohenbusch.be\/de\/wp-json\/wp\/v2\/media\/30845"}],"wp:attachment":[{"href":"https:\/\/breadstore-hohenbusch.be\/de\/wp-json\/wp\/v2\/media?parent=30781"}],"wp:term":[{"taxonomy":"product_cat","embeddable":true,"href":"https:\/\/breadstore-hohenbusch.be\/de\/wp-json\/wp\/v2\/product_cat?post=30781"},{"taxonomy":"product_tag","embeddable":true,"href":"https:\/\/breadstore-hohenbusch.be\/de\/wp-json\/wp\/v2\/product_tag?post=30781"}],"curies":[{"name":"wp","href":"https:\/\/api.w.org\/{rel}","templated":true}]}}