{"id":30785,"date":"2016-11-30T07:48:41","date_gmt":"2016-11-30T06:48:41","guid":{"rendered":"https:\/\/breadstore-hohenbusch.be\/?post_type=product&#038;p=30785"},"modified":"2026-03-24T12:44:24","modified_gmt":"2026-03-24T11:44:24","slug":"suesses-paket-2-personen","status":"publish","type":"product","link":"https:\/\/breadstore-hohenbusch.be\/de\/produkt\/suesses-paket-2-personen\/","title":{"rendered":"S\u00fc\u00dfes Paket f\u00fcr 2 Personen"},"content":{"rendered":"<p>Die Inhalte der Brotpakete sind fest und k\u00f6nnen nicht ge\u00e4ndert werden.<\/p>\n","protected":false},"excerpt":{"rendered":"<p>2 wei\u00dfe Br\u00f6tchen, 2 Croissants, 2 Schokobr\u00f6tchen<\/p>\n","protected":false},"featured_media":30841,"template":"","meta":[],"product_cat":[215],"product_tag":[],"class_list":{"0":"post-30785","1":"product","2":"type-product","3":"status-publish","4":"has-post-thumbnail","6":"product_cat-brotshop","8":"first","9":"instock","10":"shipping-taxable","11":"purchasable","12":"product-type-simple"},"_links":{"self":[{"href":"https:\/\/breadstore-hohenbusch.be\/de\/wp-json\/wp\/v2\/product\/30785","targetHints":{"allow":["GET"]}}],"collection":[{"href":"https:\/\/breadstore-hohenbusch.be\/de\/wp-json\/wp\/v2\/product"}],"about":[{"href":"https:\/\/breadstore-hohenbusch.be\/de\/wp-json\/wp\/v2\/types\/product"}],"wp:featuredmedia":[{"embeddable":true,"href":"https:\/\/breadstore-hohenbusch.be\/de\/wp-json\/wp\/v2\/media\/30841"}],"wp:attachment":[{"href":"https:\/\/breadstore-hohenbusch.be\/de\/wp-json\/wp\/v2\/media?parent=30785"}],"wp:term":[{"taxonomy":"product_cat","embeddable":true,"href":"https:\/\/breadstore-hohenbusch.be\/de\/wp-json\/wp\/v2\/product_cat?post=30785"},{"taxonomy":"product_tag","embeddable":true,"href":"https:\/\/breadstore-hohenbusch.be\/de\/wp-json\/wp\/v2\/product_tag?post=30785"}],"curies":[{"name":"wp","href":"https:\/\/api.w.org\/{rel}","templated":true}]}}