{"id":30787,"date":"2016-12-01T07:50:09","date_gmt":"2016-12-01T06:50:09","guid":{"rendered":"https:\/\/breadstore-hohenbusch.be\/?post_type=product&#038;p=30787"},"modified":"2026-03-24T12:44:10","modified_gmt":"2026-03-24T11:44:10","slug":"familienpaket","status":"publish","type":"product","link":"https:\/\/breadstore-hohenbusch.be\/de\/produkt\/familienpaket\/","title":{"rendered":"Familienpaket"},"content":{"rendered":"<p>Die Inhalte der Brotpakete sind fest und k\u00f6nnen nicht ge\u00e4ndert werden.<\/p>\n","protected":false},"excerpt":{"rendered":"<p>8 wei\u00dfe Br\u00f6tchen, 2 Croissants, 2 Schokobr\u00f6tchen<\/p>\n","protected":false},"featured_media":30837,"template":"","meta":[],"product_cat":[215],"product_tag":[],"class_list":{"0":"post-30787","1":"product","2":"type-product","3":"status-publish","4":"has-post-thumbnail","6":"product_cat-brotshop","8":"first","9":"instock","10":"shipping-taxable","11":"purchasable","12":"product-type-simple"},"_links":{"self":[{"href":"https:\/\/breadstore-hohenbusch.be\/de\/wp-json\/wp\/v2\/product\/30787","targetHints":{"allow":["GET"]}}],"collection":[{"href":"https:\/\/breadstore-hohenbusch.be\/de\/wp-json\/wp\/v2\/product"}],"about":[{"href":"https:\/\/breadstore-hohenbusch.be\/de\/wp-json\/wp\/v2\/types\/product"}],"wp:featuredmedia":[{"embeddable":true,"href":"https:\/\/breadstore-hohenbusch.be\/de\/wp-json\/wp\/v2\/media\/30837"}],"wp:attachment":[{"href":"https:\/\/breadstore-hohenbusch.be\/de\/wp-json\/wp\/v2\/media?parent=30787"}],"wp:term":[{"taxonomy":"product_cat","embeddable":true,"href":"https:\/\/breadstore-hohenbusch.be\/de\/wp-json\/wp\/v2\/product_cat?post=30787"},{"taxonomy":"product_tag","embeddable":true,"href":"https:\/\/breadstore-hohenbusch.be\/de\/wp-json\/wp\/v2\/product_tag?post=30787"}],"curies":[{"name":"wp","href":"https:\/\/api.w.org\/{rel}","templated":true}]}}