{"id":30789,"date":"2016-12-02T07:51:13","date_gmt":"2016-12-02T06:51:13","guid":{"rendered":"https:\/\/breadstore-hohenbusch.be\/?post_type=product&#038;p=30789"},"modified":"2026-03-24T12:43:40","modified_gmt":"2026-03-24T11:43:40","slug":"familienpaket-gross","status":"publish","type":"product","link":"https:\/\/breadstore-hohenbusch.be\/de\/produkt\/familienpaket-gross\/","title":{"rendered":"Gro\u00dfes Familienpaket"},"content":{"rendered":"<p>Die Inhalte der Brotpakete sind fest und k\u00f6nnen nicht ge\u00e4ndert werden.<\/p>\n","protected":false},"excerpt":{"rendered":"<p>10 wei\u00dfe Br\u00f6tchen, 4 Croissants<\/p>\n","protected":false},"featured_media":30833,"template":"","meta":[],"product_cat":[215],"product_tag":[],"class_list":{"0":"post-30789","1":"product","2":"type-product","3":"status-publish","4":"has-post-thumbnail","6":"product_cat-brotshop","8":"first","9":"instock","10":"shipping-taxable","11":"purchasable","12":"product-type-simple"},"_links":{"self":[{"href":"https:\/\/breadstore-hohenbusch.be\/de\/wp-json\/wp\/v2\/product\/30789","targetHints":{"allow":["GET"]}}],"collection":[{"href":"https:\/\/breadstore-hohenbusch.be\/de\/wp-json\/wp\/v2\/product"}],"about":[{"href":"https:\/\/breadstore-hohenbusch.be\/de\/wp-json\/wp\/v2\/types\/product"}],"wp:featuredmedia":[{"embeddable":true,"href":"https:\/\/breadstore-hohenbusch.be\/de\/wp-json\/wp\/v2\/media\/30833"}],"wp:attachment":[{"href":"https:\/\/breadstore-hohenbusch.be\/de\/wp-json\/wp\/v2\/media?parent=30789"}],"wp:term":[{"taxonomy":"product_cat","embeddable":true,"href":"https:\/\/breadstore-hohenbusch.be\/de\/wp-json\/wp\/v2\/product_cat?post=30789"},{"taxonomy":"product_tag","embeddable":true,"href":"https:\/\/breadstore-hohenbusch.be\/de\/wp-json\/wp\/v2\/product_tag?post=30789"}],"curies":[{"name":"wp","href":"https:\/\/api.w.org\/{rel}","templated":true}]}}