{"id":30756,"date":"2021-01-07T13:01:46","date_gmt":"2021-01-07T12:01:46","guid":{"rendered":"https:\/\/breadstore-hohenbusch.be\/?post_type=product&#038;p=30756"},"modified":"2026-03-17T13:56:20","modified_gmt":"2026-03-17T12:56:20","slug":"dinkelkonig-tournesol-epautre-750g-coupe","status":"publish","type":"product","link":"https:\/\/breadstore-hohenbusch.be\/fr\/produkt\/dinkelkonig-tournesol-epautre-750g-coupe\/","title":{"rendered":"Dinkelk\u00f6nig (Tournesol \u00e9pautre) 750g coup\u00e9"},"content":{"rendered":"","protected":false},"excerpt":{"rendered":"","protected":false},"featured_media":24913,"template":"","meta":[],"product_cat":[343],"product_tag":[],"class_list":{"0":"post-30756","1":"product","2":"type-product","3":"status-publish","4":"has-post-thumbnail","6":"product_cat-brotshop-fr","8":"first","9":"instock","10":"shipping-taxable","11":"purchasable","12":"product-type-simple"},"_links":{"self":[{"href":"https:\/\/breadstore-hohenbusch.be\/fr\/wp-json\/wp\/v2\/product\/30756","targetHints":{"allow":["GET"]}}],"collection":[{"href":"https:\/\/breadstore-hohenbusch.be\/fr\/wp-json\/wp\/v2\/product"}],"about":[{"href":"https:\/\/breadstore-hohenbusch.be\/fr\/wp-json\/wp\/v2\/types\/product"}],"wp:featuredmedia":[{"embeddable":true,"href":"https:\/\/breadstore-hohenbusch.be\/fr\/wp-json\/wp\/v2\/media\/24913"}],"wp:attachment":[{"href":"https:\/\/breadstore-hohenbusch.be\/fr\/wp-json\/wp\/v2\/media?parent=30756"}],"wp:term":[{"taxonomy":"product_cat","embeddable":true,"href":"https:\/\/breadstore-hohenbusch.be\/fr\/wp-json\/wp\/v2\/product_cat?post=30756"},{"taxonomy":"product_tag","embeddable":true,"href":"https:\/\/breadstore-hohenbusch.be\/fr\/wp-json\/wp\/v2\/product_tag?post=30756"}],"curies":[{"name":"wp","href":"https:\/\/api.w.org\/{rel}","templated":true}]}}